{"id":417,"date":"2023-09-15T01:59:50","date_gmt":"2023-09-15T01:59:50","guid":{"rendered":"https:\/\/www.omega7transportes.com.br\/?page_id=417"},"modified":"2023-09-15T02:07:24","modified_gmt":"2023-09-15T02:07:24","slug":"blog","status":"publish","type":"page","link":"https:\/\/www.omega7transportes.com.br\/index.php\/blog\/","title":{"rendered":"blog"},"content":{"rendered":"\t\t<div data-elementor-type=\"wp-page\" data-elementor-id=\"417\" class=\"elementor elementor-417\">\n\t\t\t\t\t\t<section class=\"elementor-section elementor-top-section elementor-element elementor-element-7d9b35f elementor-section-full_width elementor-section-height-default elementor-section-height-default\" data-id=\"7d9b35f\" data-element_type=\"section\" data-e-type=\"section\" data-settings=\"{&quot;background_background&quot;:&quot;gradient&quot;}\">\n\t\t\t\t\t\t\t<div class=\"elementor-background-overlay\"><\/div>\n\t\t\t\t\t\t\t<div class=\"elementor-container elementor-column-gap-default\">\n\t\t\t\t\t<div class=\"elementor-column elementor-col-100 elementor-top-column elementor-element elementor-element-95d2146\" data-id=\"95d2146\" data-element_type=\"column\" data-e-type=\"column\">\n\t\t\t<div class=\"elementor-widget-wrap elementor-element-populated\">\n\t\t\t\t\t\t<section class=\"elementor-section elementor-inner-section elementor-element elementor-element-62c1351 elementor-section-boxed elementor-section-height-default elementor-section-height-default\" data-id=\"62c1351\" data-element_type=\"section\" data-e-type=\"section\">\n\t\t\t\t\t\t<div class=\"elementor-container elementor-column-gap-default\">\n\t\t\t\t\t<div class=\"elementor-column elementor-col-100 elementor-inner-column elementor-element elementor-element-264e1ba\" data-id=\"264e1ba\" data-element_type=\"column\" data-e-type=\"column\" data-settings=\"{&quot;background_background&quot;:&quot;classic&quot;}\">\n\t\t\t<div class=\"elementor-widget-wrap elementor-element-populated\">\n\t\t\t\t\t\t<div class=\"elementor-element elementor-element-6f7860b elementor-widget elementor-widget-heading\" data-id=\"6f7860b\" data-element_type=\"widget\" data-e-type=\"widget\" data-widget_type=\"heading.default\">\n\t\t\t\t<div class=\"elementor-widget-container\">\n\t\t\t\t\t<h2 class=\"elementor-heading-title elementor-size-default\">Blog<\/h2>\t\t\t\t<\/div>\n\t\t\t\t<\/div>\n\t\t\t\t<div class=\"elementor-element elementor-element-ef6fe8b elementor-grid-tablet-1 elementor-posts--align-left elementor-widget__width-initial elementor-grid-3 elementor-grid-mobile-1 elementor-posts--thumbnail-top elementor-widget elementor-widget-posts\" data-id=\"ef6fe8b\" data-element_type=\"widget\" data-e-type=\"widget\" data-settings=\"{&quot;classic_columns_tablet&quot;:&quot;1&quot;,&quot;classic_row_gap&quot;:{&quot;unit&quot;:&quot;px&quot;,&quot;size&quot;:19,&quot;sizes&quot;:[]},&quot;classic_columns&quot;:&quot;3&quot;,&quot;classic_columns_mobile&quot;:&quot;1&quot;,&quot;classic_row_gap_tablet&quot;:{&quot;unit&quot;:&quot;px&quot;,&quot;size&quot;:&quot;&quot;,&quot;sizes&quot;:[]},&quot;classic_row_gap_mobile&quot;:{&quot;unit&quot;:&quot;px&quot;,&quot;size&quot;:&quot;&quot;,&quot;sizes&quot;:[]}}\" data-widget_type=\"posts.classic\">\n\t\t\t\t<div class=\"elementor-widget-container\">\n\t\t\t\t\t\t\t<div class=\"elementor-posts-container elementor-posts elementor-posts--skin-classic elementor-grid\">\n\t\t\t\t<article class=\"elementor-post elementor-grid-item post-753 post type-post status-publish format-standard has-post-thumbnail hentry category-blog tag-armazenagem-de-cargas tag-cargas tag-cargas-fracionadas tag-coleta-de-carga tag-entrega-de-carga tag-estoque tag-estoque-garantido tag-estoque-minimo tag-fluxo-de-estoque tag-lotacao-cartas tag-pontualidade tag-transportadora tag-transporte tag-transporte-de-cargas\">\n\t\t\t\t<a class=\"elementor-post__thumbnail__link\" href=\"https:\/\/www.omega7transportes.com.br\/index.php\/2025\/09\/16\/pontualidadenotransportefracionado\/\" >\n\t\t\t<div class=\"elementor-post__thumbnail\"><img fetchpriority=\"high\" decoding=\"async\" width=\"300\" height=\"225\" src=\"https:\/\/www.omega7transportes.com.br\/wp-content\/uploads\/2023\/08\/omega-7-transportes-800-x-600-px-300x225.jpg\" class=\"attachment-medium size-medium wp-image-758\" alt=\"\" srcset=\"https:\/\/www.omega7transportes.com.br\/wp-content\/uploads\/2023\/08\/omega-7-transportes-800-x-600-px-300x225.jpg 300w, https:\/\/www.omega7transportes.com.br\/wp-content\/uploads\/2023\/08\/omega-7-transportes-800-x-600-px-768x576.jpg 768w, https:\/\/www.omega7transportes.com.br\/wp-content\/uploads\/2023\/08\/omega-7-transportes-800-x-600-px.jpg 800w\" sizes=\"(max-width: 300px) 100vw, 300px\" \/><\/div>\n\t\t<\/a>\n\t\t\t\t<div class=\"elementor-post__text\">\n\t\t\t\t<h3 class=\"elementor-post__title\">\n\t\t\t<a href=\"https:\/\/www.omega7transportes.com.br\/index.php\/2025\/09\/16\/pontualidadenotransportefracionado\/\" >\n\t\t\t\tPontualidade no transporte de cargas fracionadas\t\t\t<\/a>\n\t\t<\/h3>\n\t\t\t\t<div class=\"elementor-post__meta-data\">\n\t\t\t\t\t<span class=\"elementor-post-date\">\n\t\t\tSeptember 16, 2025\t\t<\/span>\n\t\t\t\t<\/div>\n\t\t\t\t<\/div>\n\t\t\t\t<\/article>\n\t\t\t\t<article class=\"elementor-post elementor-grid-item post-623 post type-post status-publish format-standard has-post-thumbnail hentry category-blog tag-armazenagem-de-cargas tag-cargas tag-cargas-fracionadas tag-coleta-de-carga tag-entrega-de-carga tag-estoque tag-estoque-garantido tag-estoque-minimo tag-fluxo-de-estoque tag-lotacao-cartas tag-transportadora tag-transporte tag-transporte-de-cargas\">\n\t\t\t\t<a class=\"elementor-post__thumbnail__link\" href=\"https:\/\/www.omega7transportes.com.br\/index.php\/2025\/04\/15\/fluxodeestoqueintegrado-2\/\" >\n\t\t\t<div class=\"elementor-post__thumbnail\"><img decoding=\"async\" width=\"289\" height=\"175\" src=\"https:\/\/www.omega7transportes.com.br\/wp-content\/uploads\/2025\/04\/download-1.jpeg\" class=\"attachment-medium size-medium wp-image-626\" alt=\"\" \/><\/div>\n\t\t<\/a>\n\t\t\t\t<div class=\"elementor-post__text\">\n\t\t\t\t<h3 class=\"elementor-post__title\">\n\t\t\t<a href=\"https:\/\/www.omega7transportes.com.br\/index.php\/2025\/04\/15\/fluxodeestoqueintegrado-2\/\" >\n\t\t\t\tManuseio de carga fracionada\t\t\t<\/a>\n\t\t<\/h3>\n\t\t\t\t<div class=\"elementor-post__meta-data\">\n\t\t\t\t\t<span class=\"elementor-post-date\">\n\t\t\tApril 15, 2025\t\t<\/span>\n\t\t\t\t<\/div>\n\t\t\t\t<\/div>\n\t\t\t\t<\/article>\n\t\t\t\t<article class=\"elementor-post elementor-grid-item post-614 post type-post status-publish format-standard has-post-thumbnail hentry category-blog tag-armazenagem-de-cargas tag-cargas tag-cargas-fracionadas tag-coleta-de-carga tag-entrega-de-carga tag-estoque tag-estoque-garantido tag-estoque-minimo tag-fluxo-de-estoque tag-lotacao-cartas tag-transportadora tag-transporte tag-transporte-de-cargas\">\n\t\t\t\t<a class=\"elementor-post__thumbnail__link\" href=\"https:\/\/www.omega7transportes.com.br\/index.php\/2024\/11\/20\/fluxodeestoqueintegrado\/\" >\n\t\t\t<div class=\"elementor-post__thumbnail\"><img decoding=\"async\" width=\"300\" height=\"171\" src=\"https:\/\/www.omega7transportes.com.br\/wp-content\/uploads\/2024\/11\/ometa-7-transportes-fluxo-estoque-300x171.jpg\" class=\"attachment-medium size-medium wp-image-619\" alt=\"\" srcset=\"https:\/\/www.omega7transportes.com.br\/wp-content\/uploads\/2024\/11\/ometa-7-transportes-fluxo-estoque-300x171.jpg 300w, https:\/\/www.omega7transportes.com.br\/wp-content\/uploads\/2024\/11\/ometa-7-transportes-fluxo-estoque.jpg 739w\" sizes=\"(max-width: 300px) 100vw, 300px\" \/><\/div>\n\t\t<\/a>\n\t\t\t\t<div class=\"elementor-post__text\">\n\t\t\t\t<h3 class=\"elementor-post__title\">\n\t\t\t<a href=\"https:\/\/www.omega7transportes.com.br\/index.php\/2024\/11\/20\/fluxodeestoqueintegrado\/\" >\n\t\t\t\tFluxo de estoque integrado ao transporte\t\t\t<\/a>\n\t\t<\/h3>\n\t\t\t\t<div class=\"elementor-post__meta-data\">\n\t\t\t\t\t<span class=\"elementor-post-date\">\n\t\t\tNovember 20, 2024\t\t<\/span>\n\t\t\t\t<\/div>\n\t\t\t\t<\/div>\n\t\t\t\t<\/article>\n\t\t\t\t<article class=\"elementor-post elementor-grid-item post-607 post type-post status-publish format-standard has-post-thumbnail hentry category-blog tag-armazenagem-de-cargas tag-cargas tag-cargas-fracionadas tag-coleta-de-carga tag-entrega-de-carga tag-lotacao-cartas tag-transportadora tag-transporte tag-transporte-de-cargas\">\n\t\t\t\t<a class=\"elementor-post__thumbnail__link\" href=\"https:\/\/www.omega7transportes.com.br\/index.php\/2024\/10\/24\/curiosidadescargasfracionadas\/\" >\n\t\t\t<div class=\"elementor-post__thumbnail\"><img loading=\"lazy\" decoding=\"async\" width=\"300\" height=\"200\" src=\"https:\/\/www.omega7transportes.com.br\/wp-content\/uploads\/2024\/10\/carg-fracionada-omega-7-transportes-300x200.jpg\" class=\"attachment-medium size-medium wp-image-608\" alt=\"\" srcset=\"https:\/\/www.omega7transportes.com.br\/wp-content\/uploads\/2024\/10\/carg-fracionada-omega-7-transportes-300x200.jpg 300w, https:\/\/www.omega7transportes.com.br\/wp-content\/uploads\/2024\/10\/carg-fracionada-omega-7-transportes-768x513.jpg 768w, https:\/\/www.omega7transportes.com.br\/wp-content\/uploads\/2024\/10\/carg-fracionada-omega-7-transportes.jpg 999w\" sizes=\"(max-width: 300px) 100vw, 300px\" \/><\/div>\n\t\t<\/a>\n\t\t\t\t<div class=\"elementor-post__text\">\n\t\t\t\t<h3 class=\"elementor-post__title\">\n\t\t\t<a href=\"https:\/\/www.omega7transportes.com.br\/index.php\/2024\/10\/24\/curiosidadescargasfracionadas\/\" >\n\t\t\t\tCuriosidades Cargas Fracionadas\t\t\t<\/a>\n\t\t<\/h3>\n\t\t\t\t<div class=\"elementor-post__meta-data\">\n\t\t\t\t\t<span class=\"elementor-post-date\">\n\t\t\tOctober 24, 2024\t\t<\/span>\n\t\t\t\t<\/div>\n\t\t\t\t<\/div>\n\t\t\t\t<\/article>\n\t\t\t\t<article class=\"elementor-post elementor-grid-item post-596 post type-post status-publish format-standard has-post-thumbnail hentry category-blog tag-armazenagem-de-cargas tag-cargas tag-cargas-fracionadas tag-coleta-de-carga tag-entrega-de-carga tag-lotacao-cartas tag-transportadora tag-transporte tag-transporte-de-cargas\">\n\t\t\t\t<a class=\"elementor-post__thumbnail__link\" href=\"https:\/\/www.omega7transportes.com.br\/index.php\/2024\/07\/18\/confiancaepontualidade\/\" >\n\t\t\t<div class=\"elementor-post__thumbnail\"><img loading=\"lazy\" decoding=\"async\" width=\"300\" height=\"300\" src=\"https:\/\/www.omega7transportes.com.br\/wp-content\/uploads\/2024\/07\/CONFIANCA-OMEGA7-300x300.jpg\" class=\"attachment-medium size-medium wp-image-597\" alt=\"\" srcset=\"https:\/\/www.omega7transportes.com.br\/wp-content\/uploads\/2024\/07\/CONFIANCA-OMEGA7-300x300.jpg 300w, https:\/\/www.omega7transportes.com.br\/wp-content\/uploads\/2024\/07\/CONFIANCA-OMEGA7-1024x1024.jpg 1024w, https:\/\/www.omega7transportes.com.br\/wp-content\/uploads\/2024\/07\/CONFIANCA-OMEGA7-150x150.jpg 150w, https:\/\/www.omega7transportes.com.br\/wp-content\/uploads\/2024\/07\/CONFIANCA-OMEGA7-768x768.jpg 768w, https:\/\/www.omega7transportes.com.br\/wp-content\/uploads\/2024\/07\/CONFIANCA-OMEGA7.jpg 1080w\" sizes=\"(max-width: 300px) 100vw, 300px\" \/><\/div>\n\t\t<\/a>\n\t\t\t\t<div class=\"elementor-post__text\">\n\t\t\t\t<h3 class=\"elementor-post__title\">\n\t\t\t<a href=\"https:\/\/www.omega7transportes.com.br\/index.php\/2024\/07\/18\/confiancaepontualidade\/\" >\n\t\t\t\tConfian\u00e7a e Pontualidade\t\t\t<\/a>\n\t\t<\/h3>\n\t\t\t\t<div class=\"elementor-post__meta-data\">\n\t\t\t\t\t<span class=\"elementor-post-date\">\n\t\t\tJuly 18, 2024\t\t<\/span>\n\t\t\t\t<\/div>\n\t\t\t\t<\/div>\n\t\t\t\t<\/article>\n\t\t\t\t<article class=\"elementor-post elementor-grid-item post-588 post type-post status-publish format-standard has-post-thumbnail hentry category-blog tag-armazenagem-de-cargas tag-cargas tag-cargas-fracionadas tag-coleta-de-carga tag-entrega-de-carga tag-lotacao-cartas tag-transportadora tag-transporte tag-transporte-de-cargas\">\n\t\t\t\t<a class=\"elementor-post__thumbnail__link\" href=\"https:\/\/www.omega7transportes.com.br\/index.php\/2024\/06\/04\/compromissoemcadaentrega\/\" >\n\t\t\t<div class=\"elementor-post__thumbnail\"><img loading=\"lazy\" decoding=\"async\" width=\"300\" height=\"300\" src=\"https:\/\/www.omega7transportes.com.br\/wp-content\/uploads\/2024\/06\/OMEGA-7-COMPROMISSO-1-300x300.jpg\" class=\"attachment-medium size-medium wp-image-590\" alt=\"\" srcset=\"https:\/\/www.omega7transportes.com.br\/wp-content\/uploads\/2024\/06\/OMEGA-7-COMPROMISSO-1-300x300.jpg 300w, https:\/\/www.omega7transportes.com.br\/wp-content\/uploads\/2024\/06\/OMEGA-7-COMPROMISSO-1-1024x1024.jpg 1024w, https:\/\/www.omega7transportes.com.br\/wp-content\/uploads\/2024\/06\/OMEGA-7-COMPROMISSO-1-150x150.jpg 150w, https:\/\/www.omega7transportes.com.br\/wp-content\/uploads\/2024\/06\/OMEGA-7-COMPROMISSO-1-768x768.jpg 768w, https:\/\/www.omega7transportes.com.br\/wp-content\/uploads\/2024\/06\/OMEGA-7-COMPROMISSO-1.jpg 1080w\" sizes=\"(max-width: 300px) 100vw, 300px\" \/><\/div>\n\t\t<\/a>\n\t\t\t\t<div class=\"elementor-post__text\">\n\t\t\t\t<h3 class=\"elementor-post__title\">\n\t\t\t<a href=\"https:\/\/www.omega7transportes.com.br\/index.php\/2024\/06\/04\/compromissoemcadaentrega\/\" >\n\t\t\t\tCompromisso e excel\u00eancia em cada entrega\t\t\t<\/a>\n\t\t<\/h3>\n\t\t\t\t<div class=\"elementor-post__meta-data\">\n\t\t\t\t\t<span class=\"elementor-post-date\">\n\t\t\tJune 4, 2024\t\t<\/span>\n\t\t\t\t<\/div>\n\t\t\t\t<\/div>\n\t\t\t\t<\/article>\n\t\t\t\t<article class=\"elementor-post elementor-grid-item post-580 post type-post status-publish format-standard has-post-thumbnail hentry category-blog tag-armazenagem-de-cargas tag-cargas tag-cargas-fracionadas tag-coleta-de-carga tag-entrega-de-carga tag-lotacao-cartas tag-transportadora tag-transporte tag-transporte-de-cargas\">\n\t\t\t\t<a class=\"elementor-post__thumbnail__link\" href=\"https:\/\/www.omega7transportes.com.br\/index.php\/2024\/04\/30\/umaotimasensacao\/\" >\n\t\t\t<div class=\"elementor-post__thumbnail\"><img loading=\"lazy\" decoding=\"async\" width=\"300\" height=\"194\" src=\"https:\/\/www.omega7transportes.com.br\/wp-content\/uploads\/2024\/04\/omega-7-carga-fracionada-2-300x194.jpg\" class=\"attachment-medium size-medium wp-image-586\" alt=\"\" srcset=\"https:\/\/www.omega7transportes.com.br\/wp-content\/uploads\/2024\/04\/omega-7-carga-fracionada-2-300x194.jpg 300w, https:\/\/www.omega7transportes.com.br\/wp-content\/uploads\/2024\/04\/omega-7-carga-fracionada-2-1024x661.jpg 1024w, https:\/\/www.omega7transportes.com.br\/wp-content\/uploads\/2024\/04\/omega-7-carga-fracionada-2-768x495.jpg 768w, https:\/\/www.omega7transportes.com.br\/wp-content\/uploads\/2024\/04\/omega-7-carga-fracionada-2.jpg 1240w\" sizes=\"(max-width: 300px) 100vw, 300px\" \/><\/div>\n\t\t<\/a>\n\t\t\t\t<div class=\"elementor-post__text\">\n\t\t\t\t<h3 class=\"elementor-post__title\">\n\t\t\t<a href=\"https:\/\/www.omega7transportes.com.br\/index.php\/2024\/04\/30\/umaotimasensacao\/\" >\n\t\t\t\tUma \u00f3tima sensa\u00e7\u00e3o!\t\t\t<\/a>\n\t\t<\/h3>\n\t\t\t\t<div class=\"elementor-post__meta-data\">\n\t\t\t\t\t<span class=\"elementor-post-date\">\n\t\t\tApril 30, 2024\t\t<\/span>\n\t\t\t\t<\/div>\n\t\t\t\t<\/div>\n\t\t\t\t<\/article>\n\t\t\t\t<article class=\"elementor-post elementor-grid-item post-570 post type-post status-publish format-standard has-post-thumbnail hentry category-blog tag-armazenagem-de-cargas tag-cargas tag-cargas-fracionadas tag-coleta-de-carga tag-entrega-de-carga tag-lotacao-cartas tag-transportadora tag-transporte tag-transporte-de-cargas\">\n\t\t\t\t<a class=\"elementor-post__thumbnail__link\" href=\"https:\/\/www.omega7transportes.com.br\/index.php\/2024\/03\/21\/sonharerealizarjuntos-2-2-2-2\/\" >\n\t\t\t<div class=\"elementor-post__thumbnail\"><img loading=\"lazy\" decoding=\"async\" width=\"300\" height=\"171\" src=\"https:\/\/www.omega7transportes.com.br\/wp-content\/uploads\/2024\/03\/entrega-merc-omega7-300x171.jpeg\" class=\"attachment-medium size-medium wp-image-571\" alt=\"\" srcset=\"https:\/\/www.omega7transportes.com.br\/wp-content\/uploads\/2024\/03\/entrega-merc-omega7-300x171.jpeg 300w, https:\/\/www.omega7transportes.com.br\/wp-content\/uploads\/2024\/03\/entrega-merc-omega7.jpeg 640w\" sizes=\"(max-width: 300px) 100vw, 300px\" \/><\/div>\n\t\t<\/a>\n\t\t\t\t<div class=\"elementor-post__text\">\n\t\t\t\t<h3 class=\"elementor-post__title\">\n\t\t\t<a href=\"https:\/\/www.omega7transportes.com.br\/index.php\/2024\/03\/21\/sonharerealizarjuntos-2-2-2-2\/\" >\n\t\t\t\tAgilidade na entrega de Carga Fracionada\t\t\t<\/a>\n\t\t<\/h3>\n\t\t\t\t<div class=\"elementor-post__meta-data\">\n\t\t\t\t\t<span class=\"elementor-post-date\">\n\t\t\tMarch 21, 2024\t\t<\/span>\n\t\t\t\t<\/div>\n\t\t\t\t<\/div>\n\t\t\t\t<\/article>\n\t\t\t\t<article class=\"elementor-post elementor-grid-item post-563 post type-post status-publish format-standard has-post-thumbnail hentry category-blog tag-armazenagem-de-cargas tag-cargas tag-cargas-fracionadas tag-coleta-de-carga tag-entrega-de-carga tag-lotacao-cartas tag-transportadora tag-transporte tag-transporte-de-cargas\">\n\t\t\t\t<a class=\"elementor-post__thumbnail__link\" href=\"https:\/\/www.omega7transportes.com.br\/index.php\/2024\/02\/27\/sonharerealizarjuntos-2-2-2\/\" >\n\t\t\t<div class=\"elementor-post__thumbnail\"><img loading=\"lazy\" decoding=\"async\" width=\"300\" height=\"200\" src=\"https:\/\/www.omega7transportes.com.br\/wp-content\/uploads\/2024\/02\/omega-7-carga-fracionada-300x200.jpg\" class=\"attachment-medium size-medium wp-image-564\" alt=\"\" srcset=\"https:\/\/www.omega7transportes.com.br\/wp-content\/uploads\/2024\/02\/omega-7-carga-fracionada-300x200.jpg 300w, https:\/\/www.omega7transportes.com.br\/wp-content\/uploads\/2024\/02\/omega-7-carga-fracionada-1024x683.jpg 1024w, https:\/\/www.omega7transportes.com.br\/wp-content\/uploads\/2024\/02\/omega-7-carga-fracionada-768x512.jpg 768w, https:\/\/www.omega7transportes.com.br\/wp-content\/uploads\/2024\/02\/omega-7-carga-fracionada-1536x1024.jpg 1536w, https:\/\/www.omega7transportes.com.br\/wp-content\/uploads\/2024\/02\/omega-7-carga-fracionada-2048x1365.jpg 2048w\" sizes=\"(max-width: 300px) 100vw, 300px\" \/><\/div>\n\t\t<\/a>\n\t\t\t\t<div class=\"elementor-post__text\">\n\t\t\t\t<h3 class=\"elementor-post__title\">\n\t\t\t<a href=\"https:\/\/www.omega7transportes.com.br\/index.php\/2024\/02\/27\/sonharerealizarjuntos-2-2-2\/\" >\n\t\t\t\tCompartilhando espa\u00e7o e otimizando custos\t\t\t<\/a>\n\t\t<\/h3>\n\t\t\t\t<div class=\"elementor-post__meta-data\">\n\t\t\t\t\t<span class=\"elementor-post-date\">\n\t\t\tFebruary 27, 2024\t\t<\/span>\n\t\t\t\t<\/div>\n\t\t\t\t<\/div>\n\t\t\t\t<\/article>\n\t\t\t\t<\/div>\n\n\n\t\t\n\t\t\t\t\t\t<\/div>\n\t\t\t\t<\/div>\n\t\t\t\t\t<\/div>\n\t\t<\/div>\n\t\t\t\t\t<\/div>\n\t\t<\/section>\n\t\t\t\t\t<\/div>\n\t\t<\/div>\n\t\t\t\t\t<\/div>\n\t\t<\/section>\n\t\t\t\t<\/div>\n\t\t","protected":false},"excerpt":{"rendered":"<p>Blog<\/p>\n","protected":false},"author":1,"featured_media":0,"parent":0,"menu_order":0,"comment_status":"closed","ping_status":"closed","template":"elementor_header_footer","meta":{"footnotes":""},"class_list":["post-417","page","type-page","status-publish","hentry"],"_links":{"self":[{"href":"https:\/\/www.omega7transportes.com.br\/index.php\/wp-json\/wp\/v2\/pages\/417","targetHints":{"allow":["GET"]}}],"collection":[{"href":"https:\/\/www.omega7transportes.com.br\/index.php\/wp-json\/wp\/v2\/pages"}],"about":[{"href":"https:\/\/www.omega7transportes.com.br\/index.php\/wp-json\/wp\/v2\/types\/page"}],"author":[{"embeddable":true,"href":"https:\/\/www.omega7transportes.com.br\/index.php\/wp-json\/wp\/v2\/users\/1"}],"replies":[{"embeddable":true,"href":"https:\/\/www.omega7transportes.com.br\/index.php\/wp-json\/wp\/v2\/comments?post=417"}],"version-history":[{"count":7,"href":"https:\/\/www.omega7transportes.com.br\/index.php\/wp-json\/wp\/v2\/pages\/417\/revisions"}],"predecessor-version":[{"id":430,"href":"https:\/\/www.omega7transportes.com.br\/index.php\/wp-json\/wp\/v2\/pages\/417\/revisions\/430"}],"wp:attachment":[{"href":"https:\/\/www.omega7transportes.com.br\/index.php\/wp-json\/wp\/v2\/media?parent=417"}],"curies":[{"name":"wp","href":"https:\/\/api.w.org\/{rel}","templated":true}]}}